{"id":496,"date":"2025-09-15T10:08:48","date_gmt":"2025-09-15T08:08:48","guid":{"rendered":"https:\/\/bbh.casiesta.com\/?page_id=496"},"modified":"2025-10-20T13:11:47","modified_gmt":"2025-10-20T11:11:47","slug":"peluqueria","status":"publish","type":"page","link":"https:\/\/bilbilhouse.com\/en\/peluqueria\/","title":{"rendered":"Hairdresser"},"content":{"rendered":"<div data-elementor-type=\"wp-page\" data-elementor-id=\"496\" class=\"elementor elementor-496\" data-elementor-post-type=\"page\">\n\t\t\t\t<div class=\"elementor-element elementor-element-16b1364 e-flex e-con-boxed e-con e-parent\" data-id=\"16b1364\" data-element_type=\"container\" data-e-type=\"container\" data-settings=\"{&quot;background_background&quot;:&quot;classic&quot;}\">\n\t\t\t\t\t<div class=\"e-con-inner\">\n\t\t<div class=\"elementor-element elementor-element-7f5dfcd e-con-full e-flex elementor-invisible e-con e-child\" data-id=\"7f5dfcd\" data-element_type=\"container\" data-e-type=\"container\" data-settings=\"{&quot;animation&quot;:&quot;fadeInLeft&quot;,&quot;animation_delay&quot;:200}\">\n\t\t\t\t<div class=\"elementor-element elementor-element-c75dad5 elementor-widget elementor-widget-heading\" data-id=\"c75dad5\" data-element_type=\"widget\" data-e-type=\"widget\" data-widget_type=\"heading.default\">\n\t\t\t\t\t<h6 class=\"elementor-heading-title elementor-size-default\">hairdresser in benalm\u00e1dena<\/h6>\t\t\t\t<\/div>\n\t\t\t\t<div class=\"elementor-element elementor-element-f156c29 elementor-widget elementor-widget-heading\" data-id=\"f156c29\" data-element_type=\"widget\" data-e-type=\"widget\" data-widget_type=\"heading.default\">\n\t\t\t\t\t<h2 class=\"elementor-heading-title elementor-size-default\">Emilia Logon Hairdressing Salon<\/h2>\t\t\t\t<\/div>\n\t\t\t\t<div class=\"elementor-element elementor-element-a1ce4d2 elementor-widget elementor-widget-heading\" data-id=\"a1ce4d2\" data-element_type=\"widget\" data-e-type=\"widget\" data-widget_type=\"heading.default\">\n\t\t\t\t\t<div class=\"elementor-heading-title elementor-size-default\">Your trusted hairdresser's next door. <\/div>\t\t\t\t<\/div>\n\t\t<div class=\"elementor-element elementor-element-a0175c5 e-con-full e-flex e-con e-child\" data-id=\"a0175c5\" data-element_type=\"container\" data-e-type=\"container\">\n\t\t\t\t<div class=\"elementor-element elementor-element-e757b27 elementor-view-stacked elementor-position-inline-start elementor-mobile-position-inline-start elementor-widget__width-initial elementor-shape-circle elementor-widget elementor-widget-icon-box\" data-id=\"e757b27\" data-element_type=\"widget\" data-e-type=\"widget\" data-widget_type=\"icon-box.default\">\n\t\t\t\t\t\t\t<div class=\"elementor-icon-box-wrapper\">\n\n\t\t\t\t\t\t<div class=\"elementor-icon-box-icon\">\n\t\t\t\t<a href=\"tel:+34658286160\" class=\"elementor-icon\" tabindex=\"-1\" aria-label=\"Emilia logon gonzalez\">\n\t\t\t\t<svg aria-hidden=\"true\" class=\"e-font-icon-svg e-fas-phone-alt\" viewbox=\"0 0 512 512\" xmlns=\"http:\/\/www.w3.org\/2000\/svg\"><path d=\"M497.39 361.8l-112-48a24 24 0 0 0-28 6.9l-49.6 60.6A370.66 370.66 0 0 1 130.6 204.11l60.6-49.6a23.94 23.94 0 0 0 6.9-28l-48-112A24.16 24.16 0 0 0 122.6.61l-104 24A24 24 0 0 0 0 48c0 256.5 207.9 464 464 464a24 24 0 0 0 23.4-18.6l24-104a24.29 24.29 0 0 0-14.01-27.6z\"><\/path><\/svg>\t\t\t\t<\/a>\n\t\t\t<\/div>\n\t\t\t\n\t\t\t\t\t\t<div class=\"elementor-icon-box-content\">\n\n\t\t\t\t\t\t\t\t\t<div class=\"elementor-icon-box-title\">\n\t\t\t\t\t\t<a href=\"tel:+34658286160\" >\n\t\t\t\t\t\t\tEmilia logon gonzalez\t\t\t\t\t\t<\/a>\n\t\t\t\t\t<\/div>\n\t\t\t\t\n\t\t\t\t\t\t\t\t\t<p class=\"elementor-icon-box-description\">\n\t\t\t\t\t\t658286160\n\t\t\t\t\t<\/p>\n\t\t\t\t\n\t\t\t<\/div>\n\t\t\t\n\t\t<\/div>\n\t\t\t\t\t\t<\/div>\n\t\t\t\t<div class=\"elementor-element elementor-element-150a34a elementor-view-stacked elementor-position-inline-start elementor-mobile-position-inline-start elementor-widget__width-initial elementor-shape-circle elementor-widget elementor-widget-icon-box\" data-id=\"150a34a\" data-element_type=\"widget\" data-e-type=\"widget\" data-widget_type=\"icon-box.default\">\n\t\t\t\t\t\t\t<div class=\"elementor-icon-box-wrapper\">\n\n\t\t\t\t\t\t<div class=\"elementor-icon-box-icon\">\n\t\t\t\t<a href=\"https:\/\/www.instagram.com\/emilialogon\/?hl=es\" class=\"elementor-icon\" tabindex=\"-1\" aria-label=\"Instagram\">\n\t\t\t\t<i aria-hidden=\"true\" class=\"icon icon-instagram-1\"><\/i>\t\t\t\t<\/a>\n\t\t\t<\/div>\n\t\t\t\n\t\t\t\t\t\t<div class=\"elementor-icon-box-content\">\n\n\t\t\t\t\t\t\t\t\t<h3 class=\"elementor-icon-box-title\">\n\t\t\t\t\t\t<a href=\"https:\/\/www.instagram.com\/emilialogon\/?hl=es\" >\n\t\t\t\t\t\t\tInstagram\t\t\t\t\t\t<\/a>\n\t\t\t\t\t<\/h3>\n\t\t\t\t\n\t\t\t\t\n\t\t\t<\/div>\n\t\t\t\n\t\t<\/div>\n\t\t\t\t\t\t<\/div>\n\t\t\t\t<\/div>\n\t\t\t\t<div class=\"elementor-element elementor-element-b814cd6 elementor-widget elementor-widget-heading\" data-id=\"b814cd6\" data-element_type=\"widget\" data-e-type=\"widget\" data-widget_type=\"heading.default\">\n\t\t\t\t\t<h3 class=\"elementor-heading-title elementor-size-default\">\u201cNew look, new cut\u201d<\/h3>\t\t\t\t<\/div>\n\t\t\t\t<\/div>\n\t\t<div class=\"elementor-element elementor-element-843eed5 e-con-full e-flex elementor-invisible e-con e-child\" data-id=\"843eed5\" data-element_type=\"container\" data-e-type=\"container\" data-settings=\"{&quot;animation&quot;:&quot;fadeInRight&quot;,&quot;animation_delay&quot;:200}\">\n\t\t\t\t<div class=\"elementor-element elementor-element-c6b235f elementor-widget elementor-widget-image\" data-id=\"c6b235f\" data-element_type=\"widget\" data-e-type=\"widget\" data-widget_type=\"image.default\">\n\t\t\t\t\t\t\t\t\t\t\t\t\t\t\t<img fetchpriority=\"high\" decoding=\"async\" width=\"533\" height=\"800\" src=\"https:\/\/bilbilhouse.com\/wp-content\/uploads\/2025\/10\/woman-seated-in-a-salon-during-a-hairstyling-proce-2024-10-20-23-15-25-utc.jpg\" class=\"attachment-full size-full wp-image-1549\" alt=\"\" srcset=\"https:\/\/bilbilhouse.com\/wp-content\/uploads\/2025\/10\/woman-seated-in-a-salon-during-a-hairstyling-proce-2024-10-20-23-15-25-utc.jpg 533w, https:\/\/bilbilhouse.com\/wp-content\/uploads\/2025\/10\/woman-seated-in-a-salon-during-a-hairstyling-proce-2024-10-20-23-15-25-utc-200x300.jpg 200w\" sizes=\"(max-width: 533px) 100vw, 533px\" \/>\t\t\t\t\t\t\t\t\t\t\t\t\t\t\t<\/div>\n\t\t<div class=\"elementor-element elementor-element-6b56d85 e-con-full e-flex e-con e-child\" data-id=\"6b56d85\" data-element_type=\"container\" data-e-type=\"container\" data-settings=\"{&quot;background_background&quot;:&quot;classic&quot;,&quot;position&quot;:&quot;absolute&quot;}\">\n\t\t\t\t<div class=\"elementor-element elementor-element-70d9d9b elementor-widget__width-initial elementor-absolute elementor-widget-divider--view-line elementor-widget elementor-widget-divider\" data-id=\"70d9d9b\" data-element_type=\"widget\" data-e-type=\"widget\" data-settings=\"{&quot;_position&quot;:&quot;absolute&quot;}\" data-widget_type=\"divider.default\">\n\t\t\t\t\t\t\t<div class=\"elementor-divider\">\n\t\t\t<span class=\"elementor-divider-separator\">\n\t\t\t\t\t\t<\/span>\n\t\t<\/div>\n\t\t\t\t\t\t<\/div>\n\t\t\t\t<div class=\"elementor-element elementor-element-6d9a38e elementor-widget elementor-widget-image\" data-id=\"6d9a38e\" data-element_type=\"widget\" data-e-type=\"widget\" data-widget_type=\"image.default\">\n\t\t\t\t\t\t\t\t\t\t\t\t\t\t\t<img decoding=\"async\" width=\"1576\" height=\"1600\" src=\"https:\/\/bilbilhouse.com\/wp-content\/uploads\/2025\/10\/723efda1-8a4d-45c1-8b6b-40570725ea9d.png\" class=\"attachment-full size-full wp-image-2340\" alt=\"\" srcset=\"https:\/\/bilbilhouse.com\/wp-content\/uploads\/2025\/10\/723efda1-8a4d-45c1-8b6b-40570725ea9d.png 1576w, https:\/\/bilbilhouse.com\/wp-content\/uploads\/2025\/10\/723efda1-8a4d-45c1-8b6b-40570725ea9d-296x300.png 296w, https:\/\/bilbilhouse.com\/wp-content\/uploads\/2025\/10\/723efda1-8a4d-45c1-8b6b-40570725ea9d-1009x1024.png 1009w, https:\/\/bilbilhouse.com\/wp-content\/uploads\/2025\/10\/723efda1-8a4d-45c1-8b6b-40570725ea9d-768x780.png 768w, https:\/\/bilbilhouse.com\/wp-content\/uploads\/2025\/10\/723efda1-8a4d-45c1-8b6b-40570725ea9d-1513x1536.png 1513w\" sizes=\"(max-width: 1576px) 100vw, 1576px\" \/>\t\t\t\t\t\t\t\t\t\t\t\t\t\t\t<\/div>\n\t\t\t\t<div class=\"elementor-element elementor-element-e8ca05e elementor-widget__width-initial elementor-absolute elementor-widget-divider--view-line elementor-widget elementor-widget-divider\" data-id=\"e8ca05e\" data-element_type=\"widget\" data-e-type=\"widget\" data-settings=\"{&quot;_position&quot;:&quot;absolute&quot;}\" data-widget_type=\"divider.default\">\n\t\t\t\t\t\t\t<div class=\"elementor-divider\">\n\t\t\t<span class=\"elementor-divider-separator\">\n\t\t\t\t\t\t<\/span>\n\t\t<\/div>\n\t\t\t\t\t\t<\/div>\n\t\t\t\t<\/div>\n\t\t\t\t<\/div>\n\t\t\t\t\t<\/div>\n\t\t\t\t<\/div>\n\t\t<div class=\"elementor-element elementor-element-857e91d e-flex e-con-boxed e-con e-parent\" data-id=\"857e91d\" data-element_type=\"container\" data-e-type=\"container\">\n\t\t\t\t\t<div class=\"e-con-inner\">\n\t\t\t\t\t<\/div>\n\t\t\t\t<\/div>\n\t\t\t\t<\/div>","protected":false},"excerpt":{"rendered":"<p>peluquer\u00eda en benalm\u00e1dena Peluquer\u00eda Emilia Logon Tu peluquer\u00eda de confianza al lado de casa. Lunes 10:00\u201314:00, 16:00\u201320:00 Martes 10:00\u201314:00, 16:00\u201320:00 Mi\u00e9rcoles 10:00\u201314:00, 16:00\u201320:00 Jueves 10:00\u201314:00, 16:00\u201320:00 Viernes 10:00\u201319:00 S\u00e1bado 10:00\u201314:00 [&hellip;]<\/p>\n","protected":false},"author":1,"featured_media":701,"parent":0,"menu_order":0,"comment_status":"closed","ping_status":"closed","template":"","meta":{"footnotes":""},"class_list":["post-496","page","type-page","status-publish","has-post-thumbnail","hentry"],"yoast_head":"<!-- This site is optimized with the Yoast SEO plugin v27.5 - https:\/\/yoast.com\/product\/yoast-seo-wordpress\/ -->\n<title>Peluquer\u00eda - BilBil House<\/title>\n<meta name=\"robots\" content=\"index, follow, max-snippet:-1, max-image-preview:large, max-video-preview:-1\" \/>\n<link rel=\"canonical\" href=\"https:\/\/bilbilhouse.com\/en\/peluqueria\/\" \/>\n<meta property=\"og:locale\" content=\"en_GB\" \/>\n<meta property=\"og:type\" content=\"article\" \/>\n<meta property=\"og:title\" content=\"Peluquer\u00eda - BilBil House\" \/>\n<meta property=\"og:description\" content=\"peluquer\u00eda en benalm\u00e1dena Peluquer\u00eda Emilia Logon Tu peluquer\u00eda de confianza al lado de casa. Lunes 10:00\u201314:00, 16:00\u201320:00 Martes 10:00\u201314:00, 16:00\u201320:00 Mi\u00e9rcoles 10:00\u201314:00, 16:00\u201320:00 Jueves 10:00\u201314:00, 16:00\u201320:00 Viernes 10:00\u201319:00 S\u00e1bado 10:00\u201314:00 [&hellip;]\" \/>\n<meta property=\"og:url\" content=\"https:\/\/bilbilhouse.com\/en\/peluqueria\/\" \/>\n<meta property=\"og:site_name\" content=\"BilBil House\" \/>\n<meta property=\"article:modified_time\" content=\"2025-10-20T11:11:47+00:00\" \/>\n<meta property=\"og:image\" content=\"https:\/\/bilbilhouse.com\/wp-content\/uploads\/2025\/09\/hair-professional-at-work-2025-04-06-08-09-43-utc-1-1.jpg\" \/>\n\t<meta property=\"og:image:width\" content=\"2000\" \/>\n\t<meta property=\"og:image:height\" content=\"1335\" \/>\n\t<meta property=\"og:image:type\" content=\"image\/jpeg\" \/>\n<meta name=\"twitter:card\" content=\"summary_large_image\" \/>\n<meta name=\"twitter:label1\" content=\"Estimated reading time\" \/>\n\t<meta name=\"twitter:data1\" content=\"2 minutes\" \/>\n<script type=\"application\/ld+json\" class=\"yoast-schema-graph\">{\"@context\":\"https:\\\/\\\/schema.org\",\"@graph\":[{\"@type\":\"WebPage\",\"@id\":\"https:\\\/\\\/bilbilhouse.com\\\/peluqueria\\\/\",\"url\":\"https:\\\/\\\/bilbilhouse.com\\\/peluqueria\\\/\",\"name\":\"Peluquer\u00eda - BilBil House\",\"isPartOf\":{\"@id\":\"https:\\\/\\\/bilbilhouse.com\\\/#website\"},\"primaryImageOfPage\":{\"@id\":\"https:\\\/\\\/bilbilhouse.com\\\/peluqueria\\\/#primaryimage\"},\"image\":{\"@id\":\"https:\\\/\\\/bilbilhouse.com\\\/peluqueria\\\/#primaryimage\"},\"thumbnailUrl\":\"https:\\\/\\\/bilbilhouse.com\\\/wp-content\\\/uploads\\\/2025\\\/09\\\/hair-professional-at-work-2025-04-06-08-09-43-utc-1-1.jpg\",\"datePublished\":\"2025-09-15T08:08:48+00:00\",\"dateModified\":\"2025-10-20T11:11:47+00:00\",\"breadcrumb\":{\"@id\":\"https:\\\/\\\/bilbilhouse.com\\\/peluqueria\\\/#breadcrumb\"},\"inLanguage\":\"en-GB\",\"potentialAction\":[{\"@type\":\"ReadAction\",\"target\":[\"https:\\\/\\\/bilbilhouse.com\\\/peluqueria\\\/\"]}]},{\"@type\":\"ImageObject\",\"inLanguage\":\"en-GB\",\"@id\":\"https:\\\/\\\/bilbilhouse.com\\\/peluqueria\\\/#primaryimage\",\"url\":\"https:\\\/\\\/bilbilhouse.com\\\/wp-content\\\/uploads\\\/2025\\\/09\\\/hair-professional-at-work-2025-04-06-08-09-43-utc-1-1.jpg\",\"contentUrl\":\"https:\\\/\\\/bilbilhouse.com\\\/wp-content\\\/uploads\\\/2025\\\/09\\\/hair-professional-at-work-2025-04-06-08-09-43-utc-1-1.jpg\",\"width\":2000,\"height\":1335},{\"@type\":\"BreadcrumbList\",\"@id\":\"https:\\\/\\\/bilbilhouse.com\\\/peluqueria\\\/#breadcrumb\",\"itemListElement\":[{\"@type\":\"ListItem\",\"position\":1,\"name\":\"Portada\",\"item\":\"https:\\\/\\\/bilbilhouse.com\\\/\"},{\"@type\":\"ListItem\",\"position\":2,\"name\":\"Peluquer\u00eda\"}]},{\"@type\":\"WebSite\",\"@id\":\"https:\\\/\\\/bilbilhouse.com\\\/#website\",\"url\":\"https:\\\/\\\/bilbilhouse.com\\\/\",\"name\":\"BilBil House\",\"description\":\"Deporte, Gastronom\u00eda y Eventos en Benalm\u00e1dena\",\"publisher\":{\"@id\":\"https:\\\/\\\/bilbilhouse.com\\\/#organization\"},\"potentialAction\":[{\"@type\":\"SearchAction\",\"target\":{\"@type\":\"EntryPoint\",\"urlTemplate\":\"https:\\\/\\\/bilbilhouse.com\\\/?s={search_term_string}\"},\"query-input\":{\"@type\":\"PropertyValueSpecification\",\"valueRequired\":true,\"valueName\":\"search_term_string\"}}],\"inLanguage\":\"en-GB\"},{\"@type\":\"Organization\",\"@id\":\"https:\\\/\\\/bilbilhouse.com\\\/#organization\",\"name\":\"BilBil House\",\"url\":\"https:\\\/\\\/bilbilhouse.com\\\/\",\"logo\":{\"@type\":\"ImageObject\",\"inLanguage\":\"en-GB\",\"@id\":\"https:\\\/\\\/bilbilhouse.com\\\/#\\\/schema\\\/logo\\\/image\\\/\",\"url\":\"https:\\\/\\\/bilbilhouse.com\\\/wp-content\\\/uploads\\\/2025\\\/09\\\/cropped-bil-bil-house-logo-azul.png\",\"contentUrl\":\"https:\\\/\\\/bilbilhouse.com\\\/wp-content\\\/uploads\\\/2025\\\/09\\\/cropped-bil-bil-house-logo-azul.png\",\"width\":911,\"height\":1175,\"caption\":\"BilBil House\"},\"image\":{\"@id\":\"https:\\\/\\\/bilbilhouse.com\\\/#\\\/schema\\\/logo\\\/image\\\/\"}}]}<\/script>\n<!-- \/ Yoast SEO plugin. -->","yoast_head_json":{"title":"Peluquer\u00eda - BilBil House","robots":{"index":"index","follow":"follow","max-snippet":"max-snippet:-1","max-image-preview":"max-image-preview:large","max-video-preview":"max-video-preview:-1"},"canonical":"https:\/\/bilbilhouse.com\/en\/peluqueria\/","og_locale":"en_GB","og_type":"article","og_title":"Peluquer\u00eda - BilBil House","og_description":"peluquer\u00eda en benalm\u00e1dena Peluquer\u00eda Emilia Logon Tu peluquer\u00eda de confianza al lado de casa. Lunes 10:00\u201314:00, 16:00\u201320:00 Martes 10:00\u201314:00, 16:00\u201320:00 Mi\u00e9rcoles 10:00\u201314:00, 16:00\u201320:00 Jueves 10:00\u201314:00, 16:00\u201320:00 Viernes 10:00\u201319:00 S\u00e1bado 10:00\u201314:00 [&hellip;]","og_url":"https:\/\/bilbilhouse.com\/en\/peluqueria\/","og_site_name":"BilBil House","article_modified_time":"2025-10-20T11:11:47+00:00","og_image":[{"width":2000,"height":1335,"url":"https:\/\/bilbilhouse.com\/wp-content\/uploads\/2025\/09\/hair-professional-at-work-2025-04-06-08-09-43-utc-1-1.jpg","type":"image\/jpeg"}],"twitter_card":"summary_large_image","twitter_misc":{"Estimated reading time":"2 minutes"},"schema":{"@context":"https:\/\/schema.org","@graph":[{"@type":"WebPage","@id":"https:\/\/bilbilhouse.com\/peluqueria\/","url":"https:\/\/bilbilhouse.com\/peluqueria\/","name":"Peluquer\u00eda - BilBil House","isPartOf":{"@id":"https:\/\/bilbilhouse.com\/#website"},"primaryImageOfPage":{"@id":"https:\/\/bilbilhouse.com\/peluqueria\/#primaryimage"},"image":{"@id":"https:\/\/bilbilhouse.com\/peluqueria\/#primaryimage"},"thumbnailUrl":"https:\/\/bilbilhouse.com\/wp-content\/uploads\/2025\/09\/hair-professional-at-work-2025-04-06-08-09-43-utc-1-1.jpg","datePublished":"2025-09-15T08:08:48+00:00","dateModified":"2025-10-20T11:11:47+00:00","breadcrumb":{"@id":"https:\/\/bilbilhouse.com\/peluqueria\/#breadcrumb"},"inLanguage":"en-GB","potentialAction":[{"@type":"ReadAction","target":["https:\/\/bilbilhouse.com\/peluqueria\/"]}]},{"@type":"ImageObject","inLanguage":"en-GB","@id":"https:\/\/bilbilhouse.com\/peluqueria\/#primaryimage","url":"https:\/\/bilbilhouse.com\/wp-content\/uploads\/2025\/09\/hair-professional-at-work-2025-04-06-08-09-43-utc-1-1.jpg","contentUrl":"https:\/\/bilbilhouse.com\/wp-content\/uploads\/2025\/09\/hair-professional-at-work-2025-04-06-08-09-43-utc-1-1.jpg","width":2000,"height":1335},{"@type":"BreadcrumbList","@id":"https:\/\/bilbilhouse.com\/peluqueria\/#breadcrumb","itemListElement":[{"@type":"ListItem","position":1,"name":"Portada","item":"https:\/\/bilbilhouse.com\/"},{"@type":"ListItem","position":2,"name":"Peluquer\u00eda"}]},{"@type":"WebSite","@id":"https:\/\/bilbilhouse.com\/#website","url":"https:\/\/bilbilhouse.com\/","name":"BilBil House","description":"Sports, Gastronomy and Events in Benalm\u00e1dena","publisher":{"@id":"https:\/\/bilbilhouse.com\/#organization"},"potentialAction":[{"@type":"SearchAction","target":{"@type":"EntryPoint","urlTemplate":"https:\/\/bilbilhouse.com\/?s={search_term_string}"},"query-input":{"@type":"PropertyValueSpecification","valueRequired":true,"valueName":"search_term_string"}}],"inLanguage":"en-GB"},{"@type":"Organization","@id":"https:\/\/bilbilhouse.com\/#organization","name":"BilBil House","url":"https:\/\/bilbilhouse.com\/","logo":{"@type":"ImageObject","inLanguage":"en-GB","@id":"https:\/\/bilbilhouse.com\/#\/schema\/logo\/image\/","url":"https:\/\/bilbilhouse.com\/wp-content\/uploads\/2025\/09\/cropped-bil-bil-house-logo-azul.png","contentUrl":"https:\/\/bilbilhouse.com\/wp-content\/uploads\/2025\/09\/cropped-bil-bil-house-logo-azul.png","width":911,"height":1175,"caption":"BilBil House"},"image":{"@id":"https:\/\/bilbilhouse.com\/#\/schema\/logo\/image\/"}}]}},"_links":{"self":[{"href":"https:\/\/bilbilhouse.com\/en\/wp-json\/wp\/v2\/pages\/496","targetHints":{"allow":["GET"]}}],"collection":[{"href":"https:\/\/bilbilhouse.com\/en\/wp-json\/wp\/v2\/pages"}],"about":[{"href":"https:\/\/bilbilhouse.com\/en\/wp-json\/wp\/v2\/types\/page"}],"author":[{"embeddable":true,"href":"https:\/\/bilbilhouse.com\/en\/wp-json\/wp\/v2\/users\/1"}],"replies":[{"embeddable":true,"href":"https:\/\/bilbilhouse.com\/en\/wp-json\/wp\/v2\/comments?post=496"}],"version-history":[{"count":0,"href":"https:\/\/bilbilhouse.com\/en\/wp-json\/wp\/v2\/pages\/496\/revisions"}],"wp:featuredmedia":[{"embeddable":true,"href":"https:\/\/bilbilhouse.com\/en\/wp-json\/wp\/v2\/media\/701"}],"wp:attachment":[{"href":"https:\/\/bilbilhouse.com\/en\/wp-json\/wp\/v2\/media?parent=496"}],"curies":[{"name":"wp","href":"https:\/\/api.w.org\/{rel}","templated":true}]}}